{"id":26,"date":"2025-05-01T23:34:19","date_gmt":"2025-05-01T21:34:19","guid":{"rendered":"https:\/\/kinderhaus-ane.de\/?page_id=26"},"modified":"2025-05-05T00:29:27","modified_gmt":"2025-05-04T22:29:27","slug":"front_page","status":"publish","type":"page","link":"https:\/\/kinderhaus-ane.de\/","title":{"rendered":"Home"},"content":{"rendered":"\n<h2 class=\"wp-block-heading\">Willkommen im Kinderhaus der Elterninitiative Arbeitskreis Neue Erziehung e. V.<\/h2>\n\n\n\n<p>Der A. N. E. wurde als eine der ersten Elterninitiativen M\u00fcnchens im Jahr 1971 gegr\u00fcndet. Das Ziel war es, \u201eKinder zu selbstbewussten und wachen Mitgliedern einer demokratischen Gesellschaft zu erziehen, die ihr Gegen\u00fcber respektieren und bereit sind, f\u00fcr sich und andere Verantwortung zu \u00fcbernehmen.\u201c<\/p>\n\n\n\n<p>Nach \u00fcber 50 Jahren Erfahrung und dank des Engagements vieler Elterngenerationen hat sich dieser Anspruch zu einem ganzheitlichen und situationsorientierten p\u00e4dagogischen Leitbild weiterentwickelt, so dass wir davon \u00fcberzeugt sind, dass der ANE eine zeitgem\u00e4\u00dfe p\u00e4dagogische Einrichtung f\u00fcr unsere und eventuell eure Kinder ist.<\/p>\n\n\n\n<p>Wir befinden uns im Norden von Schwabing, in unmittelbarer Nachbarschaft zum Freibad Georgenschwaige, Luitpoldpark und Petuelpark. 35 Kinder im Alter von 1 Jahr bis Schuleintritt werden hier in drei Gruppen von einem erfahrenen&nbsp;Team liebevoll betreut.<\/p>\n\n\n\n<p>Unser Kinderhaus verf\u00fcgt \u00fcber helle, komfortable und gut ausgestattete Spiel- und Gruppenr\u00e4ume, einen Gemeinschaftsraum, eine Turnecke, sowie \u00fcber K\u00fcche, Bad und Garderobe.<\/p>\n\n\n\n<p>Besonderen Wert legen wir auf gesunde Ern\u00e4hrung. Das gemeinsame Fr\u00fchst\u00fcck und das t\u00e4glich frisch gekochte Mittagessen sowie die Brotzeit am Nachmittag wird aus biologisch-kontrollierten Lebensmitteln zubereitet.<\/p>\n\n\n\n<p>Die Elterninitiative Arbeitskreis Neue Erziehung e. V. wird gef\u00f6rdert durch&nbsp;das Referat f\u00fcr Bildung und Sport der Landeshauptstadt M\u00fcnchen.<\/p>\n\n\n\n<div class=\"wp-block-columns is-layout-flex wp-container-core-columns-is-layout-9d6595d7 wp-block-columns-is-layout-flex\">\n<div class=\"wp-block-column is-layout-flow wp-block-column-is-layout-flow\">\n<figure class=\"wp-block-image size-large\"><img loading=\"lazy\" decoding=\"async\" width=\"1024\" height=\"768\" src=\"http:\/\/kinderhaus-ane.de\/wp-content\/uploads\/2025\/05\/IMG_0659-1024x768.jpeg\" alt=\"\" class=\"wp-image-16\" srcset=\"https:\/\/kinderhaus-ane.de\/wp-content\/uploads\/2025\/05\/IMG_0659-1024x768.jpeg 1024w, https:\/\/kinderhaus-ane.de\/wp-content\/uploads\/2025\/05\/IMG_0659-300x225.jpeg 300w, https:\/\/kinderhaus-ane.de\/wp-content\/uploads\/2025\/05\/IMG_0659-768x576.jpeg 768w, https:\/\/kinderhaus-ane.de\/wp-content\/uploads\/2025\/05\/IMG_0659.jpeg 1536w\" sizes=\"auto, (max-width: 1024px) 100vw, 1024px\" \/><\/figure>\n<\/div>\n\n\n\n<div class=\"wp-block-column is-layout-flow wp-block-column-is-layout-flow\">\n<figure class=\"wp-block-image size-full\"><img loading=\"lazy\" decoding=\"async\" width=\"600\" height=\"450\" src=\"http:\/\/kinderhaus-ane.de\/wp-content\/uploads\/2025\/05\/IMG_0660.jpeg\" alt=\"\" class=\"wp-image-17\" srcset=\"https:\/\/kinderhaus-ane.de\/wp-content\/uploads\/2025\/05\/IMG_0660.jpeg 600w, https:\/\/kinderhaus-ane.de\/wp-content\/uploads\/2025\/05\/IMG_0660-300x225.jpeg 300w\" sizes=\"auto, (max-width: 600px) 100vw, 600px\" \/><\/figure>\n<\/div>\n<\/div>\n\n\n\n<figure class=\"wp-block-image size-large\"><img loading=\"lazy\" decoding=\"async\" width=\"1017\" height=\"1024\" src=\"http:\/\/kinderhaus-ane.de\/wp-content\/uploads\/2025\/05\/ANEinWords-1017x1024.jpeg\" alt=\"\" class=\"wp-image-7\" srcset=\"https:\/\/kinderhaus-ane.de\/wp-content\/uploads\/2025\/05\/ANEinWords-1017x1024.jpeg 1017w, https:\/\/kinderhaus-ane.de\/wp-content\/uploads\/2025\/05\/ANEinWords-298x300.jpeg 298w, https:\/\/kinderhaus-ane.de\/wp-content\/uploads\/2025\/05\/ANEinWords-150x150.jpeg 150w, https:\/\/kinderhaus-ane.de\/wp-content\/uploads\/2025\/05\/ANEinWords-768x773.jpeg 768w, https:\/\/kinderhaus-ane.de\/wp-content\/uploads\/2025\/05\/ANEinWords-1526x1536.jpeg 1526w, https:\/\/kinderhaus-ane.de\/wp-content\/uploads\/2025\/05\/ANEinWords-2034x2048.jpeg 2034w\" sizes=\"auto, (max-width: 1017px) 100vw, 1017px\" \/><\/figure>\n\n\n\n<p><\/p>\n\n\n\n<p><\/p>\n\n\n\n<div class=\"wp-block-columns is-layout-flex wp-container-core-columns-is-layout-9d6595d7 wp-block-columns-is-layout-flex\">\n<div class=\"wp-block-column is-vertically-aligned-center is-layout-flow wp-block-column-is-layout-flow\"><div class=\"wp-block-image\">\n<figure class=\"aligncenter size-full is-resized\"><img loading=\"lazy\" decoding=\"async\" width=\"600\" height=\"424\" src=\"http:\/\/kinderhaus-ane.de\/wp-content\/uploads\/2025\/05\/IMG_0658.png\" alt=\"\" class=\"wp-image-15\" style=\"width:367px;height:auto\" srcset=\"https:\/\/kinderhaus-ane.de\/wp-content\/uploads\/2025\/05\/IMG_0658.png 600w, https:\/\/kinderhaus-ane.de\/wp-content\/uploads\/2025\/05\/IMG_0658-300x212.png 300w\" sizes=\"auto, (max-width: 600px) 100vw, 600px\" \/><\/figure>\n<\/div><\/div>\n\n\n\n<div class=\"wp-block-column is-vertically-aligned-center is-layout-flow wp-block-column-is-layout-flow\"><div class=\"wp-block-image\">\n<figure class=\"aligncenter size-full is-resized\"><img loading=\"lazy\" decoding=\"async\" width=\"1024\" height=\"352\" src=\"http:\/\/kinderhaus-ane.de\/wp-content\/uploads\/2025\/05\/Landeshauptstadt-Muenchen-Referat-fuer-Bildung-und-Sport-1024x352-1.png\" alt=\"\" class=\"wp-image-14\" style=\"width:295px;height:auto\" srcset=\"https:\/\/kinderhaus-ane.de\/wp-content\/uploads\/2025\/05\/Landeshauptstadt-Muenchen-Referat-fuer-Bildung-und-Sport-1024x352-1.png 1024w, https:\/\/kinderhaus-ane.de\/wp-content\/uploads\/2025\/05\/Landeshauptstadt-Muenchen-Referat-fuer-Bildung-und-Sport-1024x352-1-300x103.png 300w, https:\/\/kinderhaus-ane.de\/wp-content\/uploads\/2025\/05\/Landeshauptstadt-Muenchen-Referat-fuer-Bildung-und-Sport-1024x352-1-768x264.png 768w\" sizes=\"auto, (max-width: 1024px) 100vw, 1024px\" \/><\/figure>\n<\/div><\/div>\n<\/div>\n\n\n\n<p><\/p>\n","protected":false},"excerpt":{"rendered":"<p>Willkommen im Kinderhaus der Elterninitiative Arbeitskreis Neue Erziehung e. V. Der A. N. E. wurde als eine der ersten Elterninitiativen M\u00fcnchens im Jahr 1971 gegr\u00fcndet. Das Ziel war es, \u201eKinder zu selbstbewussten und wachen Mitgliedern einer demokratischen Gesellschaft zu erziehen, die ihr Gegen\u00fcber respektieren und bereit sind, f\u00fcr sich und andere Verantwortung zu \u00fcbernehmen.\u201c Nach &#8230; <a title=\"Home\" class=\"read-more\" href=\"https:\/\/kinderhaus-ane.de\/\" aria-label=\"Mehr Informationen \u00fcber Home\">Weiterlesen<\/a><\/p>\n","protected":false},"author":1,"featured_media":0,"parent":0,"menu_order":0,"comment_status":"closed","ping_status":"closed","template":"","meta":{"footnotes":""},"class_list":["post-26","page","type-page","status-publish"],"_links":{"self":[{"href":"https:\/\/kinderhaus-ane.de\/index.php?rest_route=\/wp\/v2\/pages\/26","targetHints":{"allow":["GET"]}}],"collection":[{"href":"https:\/\/kinderhaus-ane.de\/index.php?rest_route=\/wp\/v2\/pages"}],"about":[{"href":"https:\/\/kinderhaus-ane.de\/index.php?rest_route=\/wp\/v2\/types\/page"}],"author":[{"embeddable":true,"href":"https:\/\/kinderhaus-ane.de\/index.php?rest_route=\/wp\/v2\/users\/1"}],"replies":[{"embeddable":true,"href":"https:\/\/kinderhaus-ane.de\/index.php?rest_route=%2Fwp%2Fv2%2Fcomments&post=26"}],"version-history":[{"count":8,"href":"https:\/\/kinderhaus-ane.de\/index.php?rest_route=\/wp\/v2\/pages\/26\/revisions"}],"predecessor-version":[{"id":203,"href":"https:\/\/kinderhaus-ane.de\/index.php?rest_route=\/wp\/v2\/pages\/26\/revisions\/203"}],"wp:attachment":[{"href":"https:\/\/kinderhaus-ane.de\/index.php?rest_route=%2Fwp%2Fv2%2Fmedia&parent=26"}],"curies":[{"name":"wp","href":"https:\/\/api.w.org\/{rel}","templated":true}]}}